{"id":23297,"date":"2024-04-10T11:08:04","date_gmt":"2024-04-10T09:08:04","guid":{"rendered":"https:\/\/hqrooms.w34.es\/valencia\/"},"modified":"2025-05-12T12:04:35","modified_gmt":"2025-05-12T10:04:35","slug":"valencia","status":"publish","type":"page","link":"https:\/\/hqrooms.w34.es\/en\/valencia\/","title":{"rendered":"Valencia"},"content":{"rendered":"<p>[et_pb_section fb_built=&#8221;1&#8243; _builder_version=&#8221;4.20.4&#8243; _module_preset=&#8221;default&#8221; background_image=&#8221;https:\/\/hqrooms.w34.es\/wp-content\/uploads\/2024\/04\/01-Valencia-Img-Large-1920&#215;1080-HQR_01.jpg&#8221; custom_padding=&#8221;10%||10%||true|false&#8221; global_colors_info=&#8221;{}&#8221;][et_pb_row _builder_version=&#8221;4.20.4&#8243; _module_preset=&#8221;default&#8221; global_colors_info=&#8221;{}&#8221;][et_pb_column type=&#8221;4_4&#8243; _builder_version=&#8221;4.20.4&#8243; _module_preset=&#8221;default&#8221; global_colors_info=&#8221;{}&#8221;][et_pb_text _builder_version=&#8221;4.27.4&#8243; _module_preset=&#8221;default&#8221; header_font=&#8221;Titillium Web|600|||||||&#8221; header_text_align=&#8221;center&#8221; header_text_color=&#8221;#FFFFFF&#8221; header_font_size=&#8221;36px&#8221; header_letter_spacing=&#8221;1px&#8221; hover_enabled=&#8221;0&#8243; header_font_size_tablet=&#8221;32px&#8221; header_font_size_phone=&#8221;28px&#8221; header_font_size_last_edited=&#8221;on|phone&#8221; global_colors_info=&#8221;{}&#8221; sticky_enabled=&#8221;0&#8243;]<\/p>\n<h1><span data-sheets-root=\"1\">Discover what to do in Valencia<\/span><\/h1>\n<p>[\/et_pb_text][\/et_pb_column][\/et_pb_row][\/et_pb_section][et_pb_section fb_built=&#8221;1&#8243; _builder_version=&#8221;4.20.4&#8243; _module_preset=&#8221;default&#8221; global_colors_info=&#8221;{}&#8221;][et_pb_row _builder_version=&#8221;4.27.4&#8243; _module_preset=&#8221;default&#8221; width=&#8221;90%&#8221; global_colors_info=&#8221;{}&#8221;][et_pb_column type=&#8221;4_4&#8243; _builder_version=&#8221;4.20.4&#8243; _module_preset=&#8221;default&#8221; global_colors_info=&#8221;{}&#8221;][et_pb_text _builder_version=&#8221;4.27.4&#8243; _module_preset=&#8221;default&#8221; header_2_font=&#8221;Titillium Web|600||on|||||&#8221; header_2_text_align=&#8221;center&#8221; header_2_text_color=&#8221;#9F907B&#8221; header_2_font_size=&#8221;32px&#8221; custom_margin=&#8221;||2%||false|false&#8221; header_2_font_size_tablet=&#8221;28px&#8221; header_2_font_size_phone=&#8221;24px&#8221; header_2_font_size_last_edited=&#8221;off|desktop&#8221; global_colors_info=&#8221;{}&#8221;]<\/p>\n<h2>DISCOVER VALENCIA<\/h2>\n<p>[\/et_pb_text][et_pb_text _builder_version=&#8221;4.27.4&#8243; _module_preset=&#8221;default&#8221; text_font=&#8221;Titillium Web||||||||&#8221; text_text_color=&#8221;#5F666E&#8221; text_font_size=&#8221;18px&#8221; max_width=&#8221;720px&#8221; module_alignment=&#8221;center&#8221; global_colors_info=&#8221;{}&#8221;]<\/p>\n<p class=\"bodytext\" style=\"text-align: center;\"><strong>What to do?<\/strong> Valencia is one of the most striking cities in Spain. The green carpet of the Turia, the architectural wealth of the City of Arts and Sciences, its beaches and the recent recognition of the Fallas as intangible heritage of humanity by UNESCO make this city unique and full of surprises.<\/p>\n<p>[\/et_pb_text][\/et_pb_column][\/et_pb_row][et_pb_row column_structure=&#8221;1_3,1_3,1_3&#8243; _builder_version=&#8221;4.27.4&#8243; _module_preset=&#8221;default&#8221; width_tablet=&#8221;&#8221; width_phone=&#8221;90%&#8221; width_last_edited=&#8221;on|phone&#8221; global_colors_info=&#8221;{}&#8221;][et_pb_column type=&#8221;1_3&#8243; _builder_version=&#8221;4.20.4&#8243; _module_preset=&#8221;default&#8221; global_colors_info=&#8221;{}&#8221;][et_pb_image src=&#8221;https:\/\/hqrooms.w34.es\/wp-content\/uploads\/2025\/04\/Ciudad_de_las_artes_y_Las_ciencias-1.jpg&#8221; alt=&#8221;Ciudad de las artes y las ciencias&#8221; title_text=&#8221;Ciudad_de_las_artes_y_Las_ciencias (1)&#8221; _builder_version=&#8221;4.27.4&#8243; _module_preset=&#8221;default&#8221; global_colors_info=&#8221;{}&#8221;][\/et_pb_image][et_pb_text _builder_version=&#8221;4.20.4&#8243; _module_preset=&#8221;default&#8221; text_font=&#8221;Titillium Web||||||||&#8221; text_font_size=&#8221;18px&#8221; text_line_height=&#8221;1.2em&#8221; header_3_font=&#8221;Titillium Web|600||on|||||&#8221; header_3_text_color=&#8221;#9F907B&#8221; header_3_font_size=&#8221;18px&#8221; global_colors_info=&#8221;{}&#8221;]<\/p>\n<h3 style=\"text-align: center;\">Ciudad de las artes y las ciencias<\/h3>\n<p style=\"text-align: center;\">Spectacular architectural, cultural and entertainment complex designed by architect Santiago Calatrava, a landmark of Valencia.<\/p>\n<p>[\/et_pb_text][\/et_pb_column][et_pb_column type=&#8221;1_3&#8243; _builder_version=&#8221;4.20.4&#8243; _module_preset=&#8221;default&#8221; global_colors_info=&#8221;{}&#8221;][et_pb_image src=&#8221;https:\/\/hqrooms.w34.es\/wp-content\/uploads\/2025\/04\/catedral_y_el_miguelete-1-1-1-1.webp&#8221; alt=&#8221;Catedral y Miguelete&#8221; title_text=&#8221;Catedral y Miguelete&#8221; _builder_version=&#8221;4.27.4&#8243; _module_preset=&#8221;default&#8221; global_colors_info=&#8221;{}&#8221;][\/et_pb_image][et_pb_text _builder_version=&#8221;4.20.4&#8243; _module_preset=&#8221;default&#8221; text_font=&#8221;Titillium Web||||||||&#8221; text_font_size=&#8221;18px&#8221; text_line_height=&#8221;1.2em&#8221; header_3_font=&#8221;Titillium Web|600||on|||||&#8221; header_3_text_color=&#8221;#9F907B&#8221; header_3_font_size=&#8221;18px&#8221; global_colors_info=&#8221;{}&#8221;]<\/p>\n<h3 style=\"text-align: center;\">Cathedral and the Miguelete<\/h3>\n<p style=\"text-align: center;\">La catedral combina estilos rom\u00e1nico, barroco y g\u00f3tico. Si subes los 207 escalones del Miguelete, disfrutar\u00e1s de una espectacular vista 360\u00ba de la ciudad.<\/p>\n<p>[\/et_pb_text][\/et_pb_column][et_pb_column type=&#8221;1_3&#8243; _builder_version=&#8221;4.20.4&#8243; _module_preset=&#8221;default&#8221; global_colors_info=&#8221;{}&#8221;][et_pb_image src=&#8221;https:\/\/hqrooms.w34.es\/wp-content\/uploads\/2025\/04\/La_Lonja_de_la_Seda-1-1.jpg&#8221; alt=&#8221;La lonja de la Seda&#8221; title_text=&#8221;La_Lonja_de_la_Seda&#8221; _builder_version=&#8221;4.27.4&#8243; _module_preset=&#8221;default&#8221; global_colors_info=&#8221;{}&#8221;][\/et_pb_image][et_pb_text _builder_version=&#8221;4.20.4&#8243; _module_preset=&#8221;default&#8221; text_font=&#8221;Titillium Web||||||||&#8221; text_font_size=&#8221;18px&#8221; text_line_height=&#8221;1.2em&#8221; header_3_font=&#8221;Titillium Web|600||on|||||&#8221; header_3_text_color=&#8221;#9F907B&#8221; header_3_font_size=&#8221;18px&#8221; global_colors_info=&#8221;{}&#8221;]<\/p>\n<h3 style=\"text-align: center;\"><strong>The Silk Exchange<\/strong><\/h3>\n<p style=\"text-align: center;\">This jewel of Valencian civil Gothic architecture, declared a World Heritage Site by UNESCO in 1996, is a must-see tourist attraction.<\/p>\n<p>[\/et_pb_text][\/et_pb_column][\/et_pb_row][et_pb_row column_structure=&#8221;1_3,1_3,1_3&#8243; _builder_version=&#8221;4.27.4&#8243; _module_preset=&#8221;default&#8221; width_tablet=&#8221;&#8221; width_phone=&#8221;90%&#8221; width_last_edited=&#8221;on|phone&#8221; global_colors_info=&#8221;{}&#8221;][et_pb_column type=&#8221;1_3&#8243; _builder_version=&#8221;4.20.4&#8243; _module_preset=&#8221;default&#8221; global_colors_info=&#8221;{}&#8221;][et_pb_image src=&#8221;https:\/\/hqrooms.w34.es\/wp-content\/uploads\/2025\/04\/Mrcado_central-1-1.jpg&#8221; alt=&#8221;Mercado central&#8221; title_text=&#8221;Mrcado_central&#8221; _builder_version=&#8221;4.27.4&#8243; _module_preset=&#8221;default&#8221; global_colors_info=&#8221;{}&#8221;][\/et_pb_image][et_pb_text _builder_version=&#8221;4.20.4&#8243; _module_preset=&#8221;default&#8221; text_font=&#8221;Titillium Web||||||||&#8221; text_font_size=&#8221;18px&#8221; text_line_height=&#8221;1.2em&#8221; header_3_font=&#8221;Titillium Web|600||on|||||&#8221; header_3_text_color=&#8221;#9F907B&#8221; header_3_font_size=&#8221;18px&#8221; global_colors_info=&#8221;{}&#8221;]<\/p>\n<h3 style=\"text-align: center;\">Central Market<\/h3>\n<p style=\"text-align: center;\">Enjoy gastronomy at the largest fresh produce market in Europe with all the flavour and smell of the Mediterranean, located in one of Valencia&#8217;s iconic modernist buildings.<\/p>\n<p>[\/et_pb_text][\/et_pb_column][et_pb_column type=&#8221;1_3&#8243; _builder_version=&#8221;4.20.4&#8243; _module_preset=&#8221;default&#8221; global_colors_info=&#8221;{}&#8221;][et_pb_image src=&#8221;https:\/\/hqrooms.w34.es\/wp-content\/uploads\/2025\/04\/Centro_historico_y_sus_palacios-1.jpg&#8221; alt=&#8221;Centro hist\u00f3rico y sus palacios&#8221; title_text=&#8221;Centro_historico_y_sus_palacios (1)&#8221; _builder_version=&#8221;4.27.4&#8243; _module_preset=&#8221;default&#8221; global_colors_info=&#8221;{}&#8221;][\/et_pb_image][et_pb_text _builder_version=&#8221;4.20.4&#8243; _module_preset=&#8221;default&#8221; text_font=&#8221;Titillium Web||||||||&#8221; text_font_size=&#8221;16px&#8221; text_line_height=&#8221;1.2em&#8221; header_3_font=&#8221;Titillium Web|600||on|||||&#8221; header_3_text_color=&#8221;#9F907B&#8221; header_3_font_size=&#8221;18px&#8221; global_colors_info=&#8221;{}&#8221;]<\/p>\n<h3 style=\"text-align: center;\">Historic center and its palaces.<\/h3>\n<p style=\"text-align: center;\">Explore the cobbled streets of the thousand-year-old quarter that grew up between the Muslim and Christian walls. Medieval buildings, palaces, frescoes, shops and restaurants that you won&#8217;t be able to resist.<\/p>\n<p>[\/et_pb_text][\/et_pb_column][et_pb_column type=&#8221;1_3&#8243; _builder_version=&#8221;4.20.4&#8243; _module_preset=&#8221;default&#8221; global_colors_info=&#8221;{}&#8221;][et_pb_image src=&#8221;https:\/\/hqrooms.w34.es\/wp-content\/uploads\/2025\/04\/Oceanografico.jpg&#8221; alt=&#8221;Oceanografico&#8221; title_text=&#8221;Oceanografico&#8221; _builder_version=&#8221;4.27.4&#8243; _module_preset=&#8221;default&#8221; global_colors_info=&#8221;{}&#8221;][\/et_pb_image][et_pb_text _builder_version=&#8221;4.20.4&#8243; _module_preset=&#8221;default&#8221; text_font=&#8221;Titillium Web||||||||&#8221; text_font_size=&#8221;18px&#8221; text_line_height=&#8221;1.2em&#8221; header_3_font=&#8221;Titillium Web|600||on|||||&#8221; header_3_text_color=&#8221;#9F907B&#8221; header_3_font_size=&#8221;18px&#8221; global_colors_info=&#8221;{}&#8221;]<\/p>\n<h3 style=\"text-align: center;\">Oceanographic<\/h3>\n<p style=\"text-align: center;\">It is the largest aquarium in Europe with more than 45,000 specimens of more than 500 species, where both children and adults can enjoy this spectacle.<\/p>\n<p>[\/et_pb_text][\/et_pb_column][\/et_pb_row][et_pb_row column_structure=&#8221;1_3,1_3,1_3&#8243; _builder_version=&#8221;4.27.4&#8243; _module_preset=&#8221;default&#8221; width_tablet=&#8221;&#8221; width_phone=&#8221;90%&#8221; width_last_edited=&#8221;on|phone&#8221; global_colors_info=&#8221;{}&#8221;][et_pb_column type=&#8221;1_3&#8243; _builder_version=&#8221;4.20.4&#8243; _module_preset=&#8221;default&#8221; global_colors_info=&#8221;{}&#8221;][et_pb_image src=&#8221;https:\/\/hqrooms.w34.es\/wp-content\/uploads\/2024\/04\/Albufera.jpeg&#8221; alt=&#8221;Albufera Natural Park&#8221; title_text=&#8221;Albufera Natural Park&#8221; _builder_version=&#8221;4.20.4&#8243; _module_preset=&#8221;default&#8221; global_colors_info=&#8221;{}&#8221;][\/et_pb_image][et_pb_text _builder_version=&#8221;4.20.4&#8243; _module_preset=&#8221;default&#8221; text_font=&#8221;Titillium Web||||||||&#8221; text_font_size=&#8221;18px&#8221; text_line_height=&#8221;1.2em&#8221; header_3_font=&#8221;Titillium Web|600||on|||||&#8221; header_3_text_color=&#8221;#9F907B&#8221; header_3_font_size=&#8221;18px&#8221; global_colors_info=&#8221;{}&#8221;]<\/p>\n<h3 style=\"text-align: center;\">Albufera Natural Park<\/h3>\n<p style=\"text-align: center;\">A natural oasis, dreamy sunsets, boat trips and tranquillity just a stone&#8217;s throw from Valencia. Surrounded by rice fields and forest, this is where paella was invented.<\/p>\n<p>[\/et_pb_text][\/et_pb_column][et_pb_column type=&#8221;1_3&#8243; _builder_version=&#8221;4.20.4&#8243; _module_preset=&#8221;default&#8221; global_colors_info=&#8221;{}&#8221;][et_pb_image src=&#8221;https:\/\/hqrooms.w34.es\/wp-content\/uploads\/2025\/04\/Jardines_del_turia-1.jpg&#8221; alt=&#8221;Jardines del turia&#8221; title_text=&#8221;Jardines_del_turia&#8221; _builder_version=&#8221;4.27.4&#8243; _module_preset=&#8221;default&#8221; global_colors_info=&#8221;{}&#8221;][\/et_pb_image][et_pb_text _builder_version=&#8221;4.20.4&#8243; _module_preset=&#8221;default&#8221; text_font=&#8221;Titillium Web||||||||&#8221; text_font_size=&#8221;18px&#8221; text_line_height=&#8221;1.2em&#8221; header_3_font=&#8221;Titillium Web|600||on|||||&#8221; header_3_text_color=&#8221;#9F907B&#8221; header_3_font_size=&#8221;18px&#8221; global_colors_info=&#8221;{}&#8221;]<\/p>\n<h3 style=\"text-align: center;\">Turia Gardens<\/h3>\n<p style=\"text-align: center;\">Spectacular 9km garden to enjoy by bike or on foot, and the 18 bridges that cross it, as well as Gulliver Park, the Palau de la M\u00fasica or the City of Arts, among others.<\/p>\n<p>[\/et_pb_text][\/et_pb_column][et_pb_column type=&#8221;1_3&#8243; _builder_version=&#8221;4.20.4&#8243; _module_preset=&#8221;default&#8221; global_colors_info=&#8221;{}&#8221;][et_pb_image src=&#8221;https:\/\/hqrooms.w34.es\/wp-content\/uploads\/2025\/04\/Museos-1.jpg&#8221; alt=&#8221;Museos&#8221; title_text=&#8221;Museos&#8221; _builder_version=&#8221;4.27.4&#8243; _module_preset=&#8221;default&#8221; global_colors_info=&#8221;{}&#8221;][\/et_pb_image][et_pb_text _builder_version=&#8221;4.20.4&#8243; _module_preset=&#8221;default&#8221; text_font=&#8221;Titillium Web||||||||&#8221; text_font_size=&#8221;18px&#8221; text_line_height=&#8221;1.2em&#8221; header_3_font=&#8221;Titillium Web|600||on|||||&#8221; header_3_text_color=&#8221;#9F907B&#8221; header_3_font_size=&#8221;18px&#8221; global_colors_info=&#8221;{}&#8221;]<\/p>\n<h3 style=\"text-align: center;\">Museums<\/h3>\n<p style=\"text-align: center;\">Valencia cuenta con 34 museos, desde la segunda mayor pinacoteca de Espa\u00f1a en el Mueseo de Bellas Artes, hasta el arte moderno del IVAM, pasando por el Museo Nacional de Cer\u00e1mica, el Fallero, el Centre del Carme o el centro art\u00edstico Bombas Gens<\/p>\n<p>[\/et_pb_text][\/et_pb_column][\/et_pb_row][\/et_pb_section][et_pb_section fb_built=&#8221;1&#8243; fullwidth=&#8221;on&#8221; _builder_version=&#8221;4.20.4&#8243; _module_preset=&#8221;default&#8221; global_colors_info=&#8221;{}&#8221;][et_pb_fullwidth_code _builder_version=&#8221;4.20.4&#8243; _module_preset=&#8221;default&#8221; global_colors_info=&#8221;{}&#8221;]<\/p>\n<div class=\"bwmMap\"><iframe loading=\"lazy\" width=\"100%\" height=\"500px\" frameborder=\"0\" allowfullscreen src=\"https:\/\/umap.openstreetmap.fr\/es\/map\/hq-rooms-valencia_336198?scaleControl=false&#038;miniMap=false&#038;scrollWheelZoom=false&#038;zoomControl=true&#038;allowEdit=false&#038;moreControl=false&#038;searchControl=false&#038;tilelayersControl=false&#038;embedControl=false&#038;datalayersControl=false&#038;onLoadPanel=undefined&#038;captionBar=false&#038;fullscreenControl=true&#038;locateControl=false&#038;measureControl=false&#038;editinosmControl=false\"><\/iframe><\/div>\n<p>[\/et_pb_fullwidth_code][\/et_pb_section]<\/p>\n","protected":false},"excerpt":{"rendered":"<p>Discover what to do in ValenciaDISCOVER VALENCIAWhat to do? Valencia is one of the most striking cities in Spain. The green carpet of the Turia, the architectural wealth of the City of Arts and Sciences, its beaches and the recent recognition of the Fallas as intangible heritage of humanity by UNESCO make this city unique [&hellip;]<\/p>\n","protected":false},"author":1,"featured_media":0,"parent":0,"menu_order":0,"comment_status":"closed","ping_status":"closed","template":"","meta":{"_et_pb_use_builder":"on","_et_pb_old_content":"","_et_gb_content_width":"","footnotes":""},"class_list":["post-23297","page","type-page","status-publish","hentry"],"yoast_head":"<!-- This site is optimized with the Yoast SEO plugin v27.2 - https:\/\/yoast.com\/product\/yoast-seo-wordpress\/ -->\n<title>Discover what to do in Valencia | HQ Rooms<\/title>\n<meta name=\"description\" content=\"Enjoy the city with HQ Rooms and live an incredible experience. Visit the website and see everything you can do during your stay.\" \/>\n<meta name=\"robots\" content=\"index, follow, max-snippet:-1, max-image-preview:large, max-video-preview:-1\" \/>\n<link rel=\"canonical\" href=\"https:\/\/hqrooms.w34.es\/en\/valencia\/\" \/>\n<meta property=\"og:locale\" content=\"en_US\" \/>\n<meta property=\"og:type\" content=\"article\" \/>\n<meta property=\"og:title\" content=\"Discover what to do in Valencia | HQ Rooms\" \/>\n<meta property=\"og:description\" content=\"Enjoy the city with HQ Rooms and live an incredible experience. Visit the website and see everything you can do during your stay.\" \/>\n<meta property=\"og:url\" content=\"https:\/\/hqrooms.w34.es\/en\/valencia\/\" \/>\n<meta property=\"og:site_name\" content=\"HQRooms\" \/>\n<meta property=\"article:modified_time\" content=\"2025-05-12T10:04:35+00:00\" \/>\n<meta name=\"twitter:card\" content=\"summary_large_image\" \/>\n<meta name=\"twitter:label1\" content=\"Est. reading time\" \/>\n\t<meta name=\"twitter:data1\" content=\"8 minutes\" \/>\n<script type=\"application\/ld+json\" class=\"yoast-schema-graph\">{\"@context\":\"https:\/\/schema.org\",\"@graph\":[{\"@type\":\"WebPage\",\"@id\":\"https:\/\/hqrooms.w34.es\/en\/valencia\/\",\"url\":\"https:\/\/hqrooms.w34.es\/en\/valencia\/\",\"name\":\"Discover what to do in Valencia | HQ Rooms\",\"isPartOf\":{\"@id\":\"https:\/\/hqrooms.w34.es\/en\/#website\"},\"datePublished\":\"2024-04-10T09:08:04+00:00\",\"dateModified\":\"2025-05-12T10:04:35+00:00\",\"description\":\"Enjoy the city with HQ Rooms and live an incredible experience. Visit the website and see everything you can do during your stay.\",\"breadcrumb\":{\"@id\":\"https:\/\/hqrooms.w34.es\/en\/valencia\/#breadcrumb\"},\"inLanguage\":\"en-US\",\"potentialAction\":[{\"@type\":\"ReadAction\",\"target\":[\"https:\/\/hqrooms.w34.es\/en\/valencia\/\"]}]},{\"@type\":\"BreadcrumbList\",\"@id\":\"https:\/\/hqrooms.w34.es\/en\/valencia\/#breadcrumb\",\"itemListElement\":[{\"@type\":\"ListItem\",\"position\":1,\"name\":\"Portada\",\"item\":\"https:\/\/hqrooms.w34.es\/en\/\"},{\"@type\":\"ListItem\",\"position\":2,\"name\":\"Valencia\"}]},{\"@type\":\"WebSite\",\"@id\":\"https:\/\/hqrooms.w34.es\/en\/#website\",\"url\":\"https:\/\/hqrooms.w34.es\/en\/\",\"name\":\"HQRooms\",\"description\":\"Apartamentos completos en Valencia - Web Oficial\",\"potentialAction\":[{\"@type\":\"SearchAction\",\"target\":{\"@type\":\"EntryPoint\",\"urlTemplate\":\"https:\/\/hqrooms.w34.es\/en\/?s={search_term_string}\"},\"query-input\":{\"@type\":\"PropertyValueSpecification\",\"valueRequired\":true,\"valueName\":\"search_term_string\"}}],\"inLanguage\":\"en-US\"}]}<\/script>\n<!-- \/ Yoast SEO plugin. -->","yoast_head_json":{"title":"Discover what to do in Valencia | HQ Rooms","description":"Enjoy the city with HQ Rooms and live an incredible experience. Visit the website and see everything you can do during your stay.","robots":{"index":"index","follow":"follow","max-snippet":"max-snippet:-1","max-image-preview":"max-image-preview:large","max-video-preview":"max-video-preview:-1"},"canonical":"https:\/\/hqrooms.w34.es\/en\/valencia\/","og_locale":"en_US","og_type":"article","og_title":"Discover what to do in Valencia | HQ Rooms","og_description":"Enjoy the city with HQ Rooms and live an incredible experience. Visit the website and see everything you can do during your stay.","og_url":"https:\/\/hqrooms.w34.es\/en\/valencia\/","og_site_name":"HQRooms","article_modified_time":"2025-05-12T10:04:35+00:00","twitter_card":"summary_large_image","twitter_misc":{"Est. reading time":"8 minutes"},"schema":{"@context":"https:\/\/schema.org","@graph":[{"@type":"WebPage","@id":"https:\/\/hqrooms.w34.es\/en\/valencia\/","url":"https:\/\/hqrooms.w34.es\/en\/valencia\/","name":"Discover what to do in Valencia | HQ Rooms","isPartOf":{"@id":"https:\/\/hqrooms.w34.es\/en\/#website"},"datePublished":"2024-04-10T09:08:04+00:00","dateModified":"2025-05-12T10:04:35+00:00","description":"Enjoy the city with HQ Rooms and live an incredible experience. Visit the website and see everything you can do during your stay.","breadcrumb":{"@id":"https:\/\/hqrooms.w34.es\/en\/valencia\/#breadcrumb"},"inLanguage":"en-US","potentialAction":[{"@type":"ReadAction","target":["https:\/\/hqrooms.w34.es\/en\/valencia\/"]}]},{"@type":"BreadcrumbList","@id":"https:\/\/hqrooms.w34.es\/en\/valencia\/#breadcrumb","itemListElement":[{"@type":"ListItem","position":1,"name":"Portada","item":"https:\/\/hqrooms.w34.es\/en\/"},{"@type":"ListItem","position":2,"name":"Valencia"}]},{"@type":"WebSite","@id":"https:\/\/hqrooms.w34.es\/en\/#website","url":"https:\/\/hqrooms.w34.es\/en\/","name":"HQRooms","description":"Apartamentos completos en Valencia - Web Oficial","potentialAction":[{"@type":"SearchAction","target":{"@type":"EntryPoint","urlTemplate":"https:\/\/hqrooms.w34.es\/en\/?s={search_term_string}"},"query-input":{"@type":"PropertyValueSpecification","valueRequired":true,"valueName":"search_term_string"}}],"inLanguage":"en-US"}]}},"_hostinger_reach_plugin_has_subscription_block":false,"_hostinger_reach_plugin_is_elementor":false,"_links":{"self":[{"href":"https:\/\/hqrooms.w34.es\/en\/wp-json\/wp\/v2\/pages\/23297","targetHints":{"allow":["GET"]}}],"collection":[{"href":"https:\/\/hqrooms.w34.es\/en\/wp-json\/wp\/v2\/pages"}],"about":[{"href":"https:\/\/hqrooms.w34.es\/en\/wp-json\/wp\/v2\/types\/page"}],"author":[{"embeddable":true,"href":"https:\/\/hqrooms.w34.es\/en\/wp-json\/wp\/v2\/users\/1"}],"replies":[{"embeddable":true,"href":"https:\/\/hqrooms.w34.es\/en\/wp-json\/wp\/v2\/comments?post=23297"}],"version-history":[{"count":11,"href":"https:\/\/hqrooms.w34.es\/en\/wp-json\/wp\/v2\/pages\/23297\/revisions"}],"predecessor-version":[{"id":27132,"href":"https:\/\/hqrooms.w34.es\/en\/wp-json\/wp\/v2\/pages\/23297\/revisions\/27132"}],"wp:attachment":[{"href":"https:\/\/hqrooms.w34.es\/en\/wp-json\/wp\/v2\/media?parent=23297"}],"curies":[{"name":"wp","href":"https:\/\/api.w.org\/{rel}","templated":true}]}}